{"id":686,"date":"2023-03-20T16:00:11","date_gmt":"2023-03-20T15:00:11","guid":{"rendered":"https:\/\/www.oxbowsurfschool.com\/?post_type=product&#038;p=686"},"modified":"2025-11-18T17:40:27","modified_gmt":"2025-11-18T16:40:27","slug":"cours-3-jours-enfant","status":"publish","type":"product","link":"https:\/\/www.oxbowsurfschool.com\/bourdaines\/produit\/cours\/cours-3-jours-enfant\/","title":{"rendered":"Cours enfant 3 jours"},"content":{"rendered":"","protected":false},"excerpt":{"rendered":"<p>Pour les enfants, de 8 \u00e0 12 ans, nous proposons des cours d\u00e9di\u00e9s en Juillet Ao\u00fbt.<\/p>\n<p>Pour accompagner au mieux les enfants, nous proposons des groupes de 6 enfants, au lieu de 8 habituellement.<\/p>\n<p>3 cours d&rsquo;1h30 pendant lesquels ils d\u00e9couvriront le surf et l\u2019oc\u00e9an, milieu dans lequel ils \u00e9volueront en toute s\u00e9curit\u00e9 avec un moniteur dipl\u00f4m\u00e9 d\u2019\u00e9tat.<\/p>\n<p>Selon leur progression, pendant les 6 h ils verront comment ; s\u2019\u00e9quiper, prendre une mousse, assurer leur tak-off, rep\u00e9rer la pr\u00e9sence de courant, se prot\u00e9ger en cas de chute et <a href=\"https:\/\/www.ecolefrancaisedesurf.fr\/decouvrir-le-surf\/apprendre-a-surfer\" target=\"_blank\" rel=\"noopener\">bien plus\u2026<\/a><\/p>\n<p>S\u2019ils ont d\u00e9j\u00e0 un niveau interm\u00e9diaire, les moniteurs s\u2019adapteront pour que les enfants puissent progresser au maximum\u00a0!<\/p>\n<p>Pour information tout le mat\u00e9riel est inclus dans le prix.<\/p>\n","protected":false},"featured_media":889,"comment_status":"open","ping_status":"closed","template":"","meta":{"_acf_changed":false,"inline_featured_image":false},"product_brand":[],"product_cat":[21],"product_tag":[],"class_list":{"0":"post-686","1":"product","2":"type-product","3":"status-publish","4":"has-post-thumbnail","6":"product_cat-cours","8":"first","9":"instock","10":"virtual","11":"taxable","12":"purchasable","13":"product-type-simple"},"acf":[],"yoast_head":"<!-- This site is optimized with the Yoast SEO plugin v27.1.1 - https:\/\/yoast.com\/product\/yoast-seo-wordpress\/ -->\n<title>Cours enfant 3 jours - Oxbow Surf School<\/title>\n<meta name=\"robots\" content=\"index, follow, max-snippet:-1, max-image-preview:large, max-video-preview:-1\" \/>\n<link rel=\"canonical\" href=\"https:\/\/www.oxbowsurfschool.com\/bourdaines\/produit\/cours\/cours-3-jours-enfant\/\" \/>\n<meta property=\"og:locale\" content=\"fr_FR\" \/>\n<meta property=\"og:type\" content=\"article\" \/>\n<meta property=\"og:title\" content=\"Cours enfant 3 jours - Oxbow Surf School\" \/>\n<meta property=\"og:description\" content=\"Pour les enfants, de 8 \u00e0 12 ans, nous proposons des cours d\u00e9di\u00e9s en Juillet Ao\u00fbt.  Pour accompagner au mieux les enfants, nous proposons des groupes de 6 enfants, au lieu de 8 habituellement.  3 cours d&#039;1h30 pendant lesquels ils d\u00e9couvriront le surf et l\u2019oc\u00e9an, milieu dans lequel ils \u00e9volueront en toute s\u00e9curit\u00e9 avec un moniteur dipl\u00f4m\u00e9 d\u2019\u00e9tat.  Selon leur progression, pendant les 6 h ils verront comment ; s\u2019\u00e9quiper, prendre une mousse, assurer leur tak-off, rep\u00e9rer la pr\u00e9sence de courant, se prot\u00e9ger en cas de chute et bien plus\u2026  S\u2019ils ont d\u00e9j\u00e0 un niveau interm\u00e9diaire, les moniteurs s\u2019adapteront pour que les enfants puissent progresser au maximum\u00a0!  Pour information tout le mat\u00e9riel est inclus dans le prix.\" \/>\n<meta property=\"og:url\" content=\"https:\/\/www.oxbowsurfschool.com\/bourdaines\/produit\/cours\/cours-3-jours-enfant\/\" \/>\n<meta property=\"og:site_name\" content=\"Oxbow Surf School\" \/>\n<meta property=\"article:modified_time\" content=\"2025-11-18T16:40:27+00:00\" \/>\n<meta property=\"og:image\" content=\"https:\/\/www.oxbowsurfschool.com\/bourdaines\/wp-content\/uploads\/2023\/03\/STAGES_3_ENFANTS-.jpg\" \/>\n\t<meta property=\"og:image:width\" content=\"950\" \/>\n\t<meta property=\"og:image:height\" content=\"736\" \/>\n\t<meta property=\"og:image:type\" content=\"image\/jpeg\" \/>\n<meta name=\"twitter:card\" content=\"summary_large_image\" \/>\n<meta name=\"twitter:label1\" content=\"Dur\u00e9e de lecture estim\u00e9e\" \/>\n\t<meta name=\"twitter:data1\" content=\"1 minute\" \/>\n<script type=\"application\/ld+json\" class=\"yoast-schema-graph\">{\"@context\":\"https:\/\/schema.org\",\"@graph\":[{\"@type\":\"WebPage\",\"@id\":\"https:\/\/www.oxbowsurfschool.com\/bourdaines\/produit\/cours\/cours-3-jours-enfant\/\",\"url\":\"https:\/\/www.oxbowsurfschool.com\/bourdaines\/produit\/cours\/cours-3-jours-enfant\/\",\"name\":\"Cours enfant 3 jours - Oxbow Surf School\",\"isPartOf\":{\"@id\":\"https:\/\/www.oxbowsurfschool.com\/bourdaines\/#website\"},\"primaryImageOfPage\":{\"@id\":\"https:\/\/www.oxbowsurfschool.com\/bourdaines\/produit\/cours\/cours-3-jours-enfant\/#primaryimage\"},\"image\":{\"@id\":\"https:\/\/www.oxbowsurfschool.com\/bourdaines\/produit\/cours\/cours-3-jours-enfant\/#primaryimage\"},\"thumbnailUrl\":\"https:\/\/www.oxbowsurfschool.com\/bourdaines\/wp-content\/uploads\/2023\/03\/STAGES_3_ENFANTS-.jpg\",\"datePublished\":\"2023-03-20T15:00:11+00:00\",\"dateModified\":\"2025-11-18T16:40:27+00:00\",\"breadcrumb\":{\"@id\":\"https:\/\/www.oxbowsurfschool.com\/bourdaines\/produit\/cours\/cours-3-jours-enfant\/#breadcrumb\"},\"inLanguage\":\"fr-FR\",\"potentialAction\":[{\"@type\":\"ReadAction\",\"target\":[\"https:\/\/www.oxbowsurfschool.com\/bourdaines\/produit\/cours\/cours-3-jours-enfant\/\"]}]},{\"@type\":\"ImageObject\",\"inLanguage\":\"fr-FR\",\"@id\":\"https:\/\/www.oxbowsurfschool.com\/bourdaines\/produit\/cours\/cours-3-jours-enfant\/#primaryimage\",\"url\":\"https:\/\/www.oxbowsurfschool.com\/bourdaines\/wp-content\/uploads\/2023\/03\/STAGES_3_ENFANTS-.jpg\",\"contentUrl\":\"https:\/\/www.oxbowsurfschool.com\/bourdaines\/wp-content\/uploads\/2023\/03\/STAGES_3_ENFANTS-.jpg\",\"width\":950,\"height\":736},{\"@type\":\"BreadcrumbList\",\"@id\":\"https:\/\/www.oxbowsurfschool.com\/bourdaines\/produit\/cours\/cours-3-jours-enfant\/#breadcrumb\",\"itemListElement\":[{\"@type\":\"ListItem\",\"position\":1,\"name\":\"Accueil\",\"item\":\"https:\/\/www.oxbowsurfschool.com\/bourdaines\/\"},{\"@type\":\"ListItem\",\"position\":2,\"name\":\"Produits\",\"item\":\"https:\/\/www.oxbowsurfschool.com\/bourdaines\/shop\/\"},{\"@type\":\"ListItem\",\"position\":3,\"name\":\"Cours enfant 3 jours\"}]},{\"@type\":\"WebSite\",\"@id\":\"https:\/\/www.oxbowsurfschool.com\/bourdaines\/#website\",\"url\":\"https:\/\/www.oxbowsurfschool.com\/bourdaines\/\",\"name\":\"Oxbow Surf School\",\"description\":\"\",\"potentialAction\":[{\"@type\":\"SearchAction\",\"target\":{\"@type\":\"EntryPoint\",\"urlTemplate\":\"https:\/\/www.oxbowsurfschool.com\/bourdaines\/?s={search_term_string}\"},\"query-input\":{\"@type\":\"PropertyValueSpecification\",\"valueRequired\":true,\"valueName\":\"search_term_string\"}}],\"inLanguage\":\"fr-FR\"}]}<\/script>\n<!-- \/ Yoast SEO plugin. -->","yoast_head_json":{"title":"Cours enfant 3 jours - Oxbow Surf School","robots":{"index":"index","follow":"follow","max-snippet":"max-snippet:-1","max-image-preview":"max-image-preview:large","max-video-preview":"max-video-preview:-1"},"canonical":"https:\/\/www.oxbowsurfschool.com\/bourdaines\/produit\/cours\/cours-3-jours-enfant\/","og_locale":"fr_FR","og_type":"article","og_title":"Cours enfant 3 jours - Oxbow Surf School","og_description":"Pour les enfants, de 8 \u00e0 12 ans, nous proposons des cours d\u00e9di\u00e9s en Juillet Ao\u00fbt.  Pour accompagner au mieux les enfants, nous proposons des groupes de 6 enfants, au lieu de 8 habituellement.  3 cours d'1h30 pendant lesquels ils d\u00e9couvriront le surf et l\u2019oc\u00e9an, milieu dans lequel ils \u00e9volueront en toute s\u00e9curit\u00e9 avec un moniteur dipl\u00f4m\u00e9 d\u2019\u00e9tat.  Selon leur progression, pendant les 6 h ils verront comment ; s\u2019\u00e9quiper, prendre une mousse, assurer leur tak-off, rep\u00e9rer la pr\u00e9sence de courant, se prot\u00e9ger en cas de chute et bien plus\u2026  S\u2019ils ont d\u00e9j\u00e0 un niveau interm\u00e9diaire, les moniteurs s\u2019adapteront pour que les enfants puissent progresser au maximum\u00a0!  Pour information tout le mat\u00e9riel est inclus dans le prix.","og_url":"https:\/\/www.oxbowsurfschool.com\/bourdaines\/produit\/cours\/cours-3-jours-enfant\/","og_site_name":"Oxbow Surf School","article_modified_time":"2025-11-18T16:40:27+00:00","og_image":[{"width":950,"height":736,"url":"https:\/\/www.oxbowsurfschool.com\/bourdaines\/wp-content\/uploads\/2023\/03\/STAGES_3_ENFANTS-.jpg","type":"image\/jpeg"}],"twitter_card":"summary_large_image","twitter_misc":{"Dur\u00e9e de lecture estim\u00e9e":"1 minute"},"schema":{"@context":"https:\/\/schema.org","@graph":[{"@type":"WebPage","@id":"https:\/\/www.oxbowsurfschool.com\/bourdaines\/produit\/cours\/cours-3-jours-enfant\/","url":"https:\/\/www.oxbowsurfschool.com\/bourdaines\/produit\/cours\/cours-3-jours-enfant\/","name":"Cours enfant 3 jours - Oxbow Surf School","isPartOf":{"@id":"https:\/\/www.oxbowsurfschool.com\/bourdaines\/#website"},"primaryImageOfPage":{"@id":"https:\/\/www.oxbowsurfschool.com\/bourdaines\/produit\/cours\/cours-3-jours-enfant\/#primaryimage"},"image":{"@id":"https:\/\/www.oxbowsurfschool.com\/bourdaines\/produit\/cours\/cours-3-jours-enfant\/#primaryimage"},"thumbnailUrl":"https:\/\/www.oxbowsurfschool.com\/bourdaines\/wp-content\/uploads\/2023\/03\/STAGES_3_ENFANTS-.jpg","datePublished":"2023-03-20T15:00:11+00:00","dateModified":"2025-11-18T16:40:27+00:00","breadcrumb":{"@id":"https:\/\/www.oxbowsurfschool.com\/bourdaines\/produit\/cours\/cours-3-jours-enfant\/#breadcrumb"},"inLanguage":"fr-FR","potentialAction":[{"@type":"ReadAction","target":["https:\/\/www.oxbowsurfschool.com\/bourdaines\/produit\/cours\/cours-3-jours-enfant\/"]}]},{"@type":"ImageObject","inLanguage":"fr-FR","@id":"https:\/\/www.oxbowsurfschool.com\/bourdaines\/produit\/cours\/cours-3-jours-enfant\/#primaryimage","url":"https:\/\/www.oxbowsurfschool.com\/bourdaines\/wp-content\/uploads\/2023\/03\/STAGES_3_ENFANTS-.jpg","contentUrl":"https:\/\/www.oxbowsurfschool.com\/bourdaines\/wp-content\/uploads\/2023\/03\/STAGES_3_ENFANTS-.jpg","width":950,"height":736},{"@type":"BreadcrumbList","@id":"https:\/\/www.oxbowsurfschool.com\/bourdaines\/produit\/cours\/cours-3-jours-enfant\/#breadcrumb","itemListElement":[{"@type":"ListItem","position":1,"name":"Accueil","item":"https:\/\/www.oxbowsurfschool.com\/bourdaines\/"},{"@type":"ListItem","position":2,"name":"Produits","item":"https:\/\/www.oxbowsurfschool.com\/bourdaines\/shop\/"},{"@type":"ListItem","position":3,"name":"Cours enfant 3 jours"}]},{"@type":"WebSite","@id":"https:\/\/www.oxbowsurfschool.com\/bourdaines\/#website","url":"https:\/\/www.oxbowsurfschool.com\/bourdaines\/","name":"Oxbow Surf School","description":"","potentialAction":[{"@type":"SearchAction","target":{"@type":"EntryPoint","urlTemplate":"https:\/\/www.oxbowsurfschool.com\/bourdaines\/?s={search_term_string}"},"query-input":{"@type":"PropertyValueSpecification","valueRequired":true,"valueName":"search_term_string"}}],"inLanguage":"fr-FR"}]}},"_links":{"self":[{"href":"https:\/\/www.oxbowsurfschool.com\/bourdaines\/wp-json\/wp\/v2\/product\/686","targetHints":{"allow":["GET"]}}],"collection":[{"href":"https:\/\/www.oxbowsurfschool.com\/bourdaines\/wp-json\/wp\/v2\/product"}],"about":[{"href":"https:\/\/www.oxbowsurfschool.com\/bourdaines\/wp-json\/wp\/v2\/types\/product"}],"replies":[{"embeddable":true,"href":"https:\/\/www.oxbowsurfschool.com\/bourdaines\/wp-json\/wp\/v2\/comments?post=686"}],"wp:featuredmedia":[{"embeddable":true,"href":"https:\/\/www.oxbowsurfschool.com\/bourdaines\/wp-json\/wp\/v2\/media\/889"}],"wp:attachment":[{"href":"https:\/\/www.oxbowsurfschool.com\/bourdaines\/wp-json\/wp\/v2\/media?parent=686"}],"wp:term":[{"taxonomy":"product_brand","embeddable":true,"href":"https:\/\/www.oxbowsurfschool.com\/bourdaines\/wp-json\/wp\/v2\/product_brand?post=686"},{"taxonomy":"product_cat","embeddable":true,"href":"https:\/\/www.oxbowsurfschool.com\/bourdaines\/wp-json\/wp\/v2\/product_cat?post=686"},{"taxonomy":"product_tag","embeddable":true,"href":"https:\/\/www.oxbowsurfschool.com\/bourdaines\/wp-json\/wp\/v2\/product_tag?post=686"}],"curies":[{"name":"wp","href":"https:\/\/api.w.org\/{rel}","templated":true}]}}